{"id":3246,"date":"2023-04-13T07:40:10","date_gmt":"2023-04-13T10:40:10","guid":{"rendered":"https:\/\/portadafrente.pt\/selection\/?page_id=3246"},"modified":"2023-04-13T11:36:43","modified_gmt":"2023-04-13T14:36:43","slug":"torneio-de-padel-tombola","status":"publish","type":"page","link":"https:\/\/portadafrente.pt\/selection\/torneio-de-padel-tombola\/","title":{"rendered":"Torneio de Padel | T\u00f4mbola"},"content":{"rendered":"<p>[et_pb_section fb_built=&#8221;1&#8243; _builder_version=&#8221;4.17.6&#8243; background_color=&#8221;rgba(0,0,0,0)&#8221; background_image=&#8221;https:\/\/portadafrente.pt\/selection\/wp-content\/uploads\/2023\/04\/padel.png&#8221; background_size=&#8221;contain&#8221; background_position=&#8221;bottom_left&#8221; min_height=&#8221;100vh&#8221; min_height_tablet=&#8221;100vh&#8221; min_height_phone=&#8221;&#8221; min_height_last_edited=&#8221;on|phone&#8221; height_tablet=&#8221;&#8221; height_phone=&#8221;&#8221; height_last_edited=&#8221;on|phone&#8221; max_height_tablet=&#8221;&#8221; max_height_phone=&#8221;&#8221; max_height_last_edited=&#8221;on|phone&#8221; custom_padding=&#8221;0px||0%||false|false&#8221; hover_enabled=&#8221;0&#8243; background_last_edited=&#8221;on|phone&#8221; background_position_phone=&#8221;bottom_left&#8221; global_colors_info=&#8221;{}&#8221; sticky_enabled=&#8221;0&#8243; background_size_phone=&#8221;cover&#8221; background_color_gradient_stops_phone=&#8221;#ffffff 25%|rgba(255,255,255,0) 100%&#8221; use_background_color_gradient_phone=&#8221;on&#8221; background_color_gradient_overlays_image_phone=&#8221;on&#8221; background_color_gradient_stops_tablet=&#8221;#ffffff 15%|rgba(255,255,255,0) 100%&#8221; use_background_color_gradient_tablet=&#8221;on&#8221; background_color_gradient_overlays_image_tablet=&#8221;on&#8221;][et_pb_row use_custom_gutter=&#8221;on&#8221; make_equal=&#8221;on&#8221; _builder_version=&#8221;4.17.6&#8243; custom_margin=&#8221;0px||0px||false|false&#8221; custom_padding=&#8221;0px||0px||false|false&#8221; hover_enabled=&#8221;0&#8243; locked=&#8221;off&#8221; global_colors_info=&#8221;{}&#8221; custom_margin_last_edited=&#8221;on|desktop&#8221; sticky_enabled=&#8221;0&#8243; custom_margin_tablet=&#8221;|||0%|false|false&#8221; module_alignment_last_edited=&#8221;on|desktop&#8221; module_alignment_tablet=&#8221;center&#8221; module_alignment_phone=&#8221;center&#8221; custom_margin_phone=&#8221;|||0%|false|false&#8221;][et_pb_column type=&#8221;4_4&#8243; module_class=&#8221;center-v&#8221; _builder_version=&#8221;4.16&#8243; custom_css_main_element=&#8221;align-self:flex-start;&#8221; global_colors_info=&#8221;{}&#8221;][et_pb_image src=&#8221;https:\/\/portadafrente.pt\/selection\/wp-content\/uploads\/2023\/04\/logo-padel.png&#8221; title_text=&#8221;logo-padel&#8221; align=&#8221;center&#8221; align_tablet=&#8221;center&#8221; align_last_edited=&#8221;off|desktop&#8221; _builder_version=&#8221;4.17.6&#8243; max_width=&#8221;420px&#8221; max_width_tablet=&#8221;350px&#8221; max_width_phone=&#8221;300px&#8221; max_width_last_edited=&#8221;on|desktop&#8221; custom_margin=&#8221;||49px||false|false&#8221; custom_margin_last_edited=&#8221;off|tablet&#8221; animation_style=&#8221;fade&#8221; hover_enabled=&#8221;0&#8243; module_alignment_last_edited=&#8221;off|desktop&#8221; global_colors_info=&#8221;{}&#8221; sticky_enabled=&#8221;0&#8243;][\/et_pb_image][et_pb_text _builder_version=&#8221;4.17.6&#8243; text_text_color=&#8221;#ffffff&#8221; text_font_size=&#8221;21px&#8221; header_font=&#8221;Cairo|700|||||||&#8221; header_text_align=&#8221;center&#8221; header_text_color=&#8221;#660024&#8243; header_font_size=&#8221;50px&#8221; header_2_font=&#8221;Cairo|600|||||||&#8221; header_2_text_align=&#8221;center&#8221; header_2_text_color=&#8221;#000000&#8243; header_2_font_size=&#8221;30px&#8221; background_color=&#8221;RGBA(0,0,0,0)&#8221; position_origin_a=&#8221;bottom_left&#8221; width=&#8221;100%&#8221; max_width_tablet=&#8221;100%&#8221; max_width_phone=&#8221;100%&#8221; max_width_last_edited=&#8221;on|phone&#8221; custom_margin=&#8221;||||false|false&#8221; custom_margin_tablet=&#8221;||40px||false|false&#8221; custom_margin_phone=&#8221;||5px||false|false&#8221; custom_margin_last_edited=&#8221;on|phone&#8221; custom_padding=&#8221;||||false|false&#8221; custom_padding_tablet=&#8221;0px|0%|0px||false|false&#8221; custom_padding_phone=&#8221;0px|0%|0px||false|false&#8221; custom_padding_last_edited=&#8221;on|phone&#8221; animation_style=&#8221;fade&#8221; animation_duration=&#8221;500ms&#8221; animation_delay=&#8221;250ms&#8221; hover_enabled=&#8221;0&#8243; header_text_align_tablet=&#8221;center&#8221; header_text_align_phone=&#8221;&#8221; header_text_align_last_edited=&#8221;on|desktop&#8221; header_text_color_tablet=&#8221;#660024&#8243; header_text_color_phone=&#8221;#660024&#8243; header_text_color_last_edited=&#8221;on|phone&#8221; header_font_size_tablet=&#8221;45px&#8221; header_font_size_phone=&#8221;30px&#8221; header_font_size_last_edited=&#8221;on|phone&#8221; header_2_text_align_tablet=&#8221;center&#8221; header_2_text_align_phone=&#8221;center&#8221; header_2_text_align_last_edited=&#8221;on|phone&#8221; header_2_text_color_tablet=&#8221;#000000&#8243; header_2_text_color_phone=&#8221;#000000&#8243; header_2_text_color_last_edited=&#8221;on|tablet&#8221; header_2_font_size_tablet=&#8221;36px&#8221; header_2_font_size_phone=&#8221;20px&#8221; header_2_font_size_last_edited=&#8221;on|tablet&#8221; text_orientation_tablet=&#8221;center&#8221; text_orientation_phone=&#8221;center&#8221; text_orientation_last_edited=&#8221;on|phone&#8221; border_radii=&#8221;on|1px|1px|1px|1px&#8221; global_colors_info=&#8221;{}&#8221; sticky_enabled=&#8221;0&#8243;]<\/p>\n<h1>Habilite-se a ganhar (mais) pr\u00e9mios<\/p>\n<\/h1>\n<h2>Inscreva-se gratuitamente no sorteio em t\u00f4mbola que ir\u00e1 oferecer v\u00e1rios pr\u00e9mios a todos os participantes.<\/h2>\n<h1><\/h1>\n<p>[\/et_pb_text][\/et_pb_column][\/et_pb_row][et_pb_row _builder_version=&#8221;4.17.6&#8243; _module_preset=&#8221;default&#8221; max_width=&#8221;350px&#8221; hover_enabled=&#8221;0&#8243; global_colors_info=&#8221;{}&#8221; sticky_enabled=&#8221;0&#8243; custom_margin_last_edited=&#8221;on|desktop&#8221; custom_margin_tablet=&#8221;|||0%|false|false&#8221; custom_margin_phone=&#8221;|||0%|false|false&#8221; module_alignment_last_edited=&#8221;on|desktop&#8221; module_alignment_tablet=&#8221;center&#8221; module_alignment_phone=&#8221;center&#8221;][et_pb_column type=&#8221;4_4&#8243; module_class=&#8221;center-v&#8221; _builder_version=&#8221;4.17.6&#8243; _module_preset=&#8221;default&#8221; background_color=&#8221;rgba(0,0,0,0.5)&#8221; custom_padding=&#8221;25px|25px|25px|25px|true|false&#8221; animation_style=&#8221;zoom&#8221; border_radii=&#8221;on|15px|15px|15px|15px&#8221; global_colors_info=&#8221;{}&#8221;][et_pb_text _builder_version=&#8221;4.17.6&#8243; text_text_color=&#8221;#ffffff&#8221; text_font_size=&#8221;16px&#8221; text_line_height=&#8221;1.3em&#8221; header_font=&#8221;|700|||||||&#8221; header_text_color=&#8221;#ffffff&#8221; header_line_height=&#8221;1.2em&#8221; text_orientation=&#8221;center&#8221; background_layout=&#8221;dark&#8221; custom_margin=&#8221;||20px||false|false&#8221; hover_enabled=&#8221;0&#8243; global_colors_info=&#8221;{}&#8221; sticky_enabled=&#8221;0&#8243;]<\/p>\n<p>Deixe-nos os seus dados de inscri\u00e7\u00e3o:<\/p>\n<p>[\/et_pb_text][et_pb_code _builder_version=&#8221;4.17.6&#8243; hover_enabled=&#8221;0&#8243; global_colors_info=&#8221;{}&#8221; sticky_enabled=&#8221;0&#8243;]<script><!-- [et_pb_line_break_holder] -->function validateForm() {<!-- [et_pb_line_break_holder] --><!-- [et_pb_line_break_holder] -->  var x = document.forms[\"FormHandler\"][\"pardot_extra_field\"].value;<!-- [et_pb_line_break_holder] -->  var y = document.forms[\"FormHandler\"][\"email\"].value;<!-- [et_pb_line_break_holder] -->  var mailformat = \/^[a-zA-Z0-9.!#$%&'*+\/=?^_`{|}~-]+@[a-zA-Z0-9-]+(?:\\.[a-zA-Z0-9-]+)*$\/;<!-- [et_pb_line_break_holder] --><!-- [et_pb_line_break_holder] -->if(y.match(mailformat))<!-- [et_pb_line_break_holder] -->{<!-- [et_pb_line_break_holder] --> if (x == \"\" || x == null) {<!-- [et_pb_line_break_holder] -->    return true;<!-- [et_pb_line_break_holder] -->  }<!-- [et_pb_line_break_holder] -->  else {<!-- [et_pb_line_break_holder] -->  \talert(\"SPAM DETECTED\");<!-- [et_pb_line_break_holder] -->  \treturn false;<!-- [et_pb_line_break_holder] -->  }<!-- [et_pb_line_break_holder] -->}<!-- [et_pb_line_break_holder] -->else<!-- [et_pb_line_break_holder] -->{<!-- [et_pb_line_break_holder] -->alert(\"E-mail inv\u00e1lido\");<!-- [et_pb_line_break_holder] -->return false;<!-- [et_pb_line_break_holder] -->}<!-- [et_pb_line_break_holder] -->}<!-- [et_pb_line_break_holder] --><\/script><!-- [et_pb_line_break_holder] --><!-- [et_pb_line_break_holder] --><\/p>\n<form id=\"Form_zone\" name=\"FormHandler\" action=\"https:\/\/go.portadafrente.com\/l\/597781\/2023-04-13\/2cw274k\" method=\"post\" onsubmit=\"return validateForm()\"><!-- [et_pb_line_break_holder] --><\/p>\n<fieldset><!-- [et_pb_line_break_holder] --><!-- [et_pb_line_break_holder] --><!-- Text input--><!-- [et_pb_line_break_holder] --><\/p>\n<div class=\"form-group\"><!-- [et_pb_line_break_holder] -->  <input id=\"\" name=\"name\" type=\"text\" placeholder=\"Nome\" class=\"form-control\" required=\"\"><!-- [et_pb_line_break_holder] --><\/div>\n<p><!-- [et_pb_line_break_holder] --><!-- [et_pb_line_break_holder] --><!-- Text input--><!-- [et_pb_line_break_holder] --><\/p>\n<div class=\"form-group\">  <!-- [et_pb_line_break_holder] -->  <input id=\"\" name=\"email\" type=\"text\" placeholder=\"E-mail\" class=\"form-control\" required=\"\"><!-- [et_pb_line_break_holder] --><\/div>\n<p><!-- [et_pb_line_break_holder] -->  <!-- [et_pb_line_break_holder] --><!-- Text input--><!-- [et_pb_line_break_holder] --><\/p>\n<div class=\"form-group\"><!-- [et_pb_line_break_holder] -->  <input id=\"\" name=\"phone\" type=\"text\" placeholder=\"Telefone\" class=\"form-control\" required=\"\"><!-- [et_pb_line_break_holder] --><\/div>\n<p><!-- [et_pb_line_break_holder] -->  <!-- [et_pb_line_break_holder] -->  <\/p>\n<div style=\"position:absolute; left:-9999px; top: -9999px;\"><!-- [et_pb_line_break_holder] --><input type=\"text\" id=\"\" name=\"pardot_extra_field\"><!-- [et_pb_line_break_holder] -->\r\n<input type=\"hidden\" value=\"\" class=\"utm_source\" name=\"utm_source\" \/>\r\n<input type=\"hidden\" value=\"\" class=\"utm_campaign\" name=\"utm_campaign\" \/>\r\n<input type=\"hidden\" value=\"\" class=\"utm_medium\" name=\"utm_medium\" \/>\r\n<input type=\"hidden\" value=\"\" class=\"utm_content\" name=\"utm_content\" \/>\r\n<input type=\"hidden\" value=\"\" class=\"utm_term\" name=\"utm_term\" \/>\r\n<input type=\"hidden\" value=\"\" class=\"gclid\" name=\"gclid\" \/><!-- [et_pb_line_break_holder] --><\/div>\n<p><!-- [et_pb_line_break_holder] --><!-- [et_pb_line_break_holder] --><!-- Button --><!-- [et_pb_line_break_holder] --><\/p>\n<div class=\"form-group\"><!-- [et_pb_line_break_holder] -->  <button id=\"btn-submit-form\" name=\"submit\" type=\"submit\" class=\"btn-ebook\">QUERO PARTICIPAR<\/button><!-- [et_pb_line_break_holder] --><\/div>\n<p><!-- [et_pb_line_break_holder] --><!-- [et_pb_line_break_holder] --><\/fieldset>\n<p><!-- [et_pb_line_break_holder] --><\/form>\n<p>[\/et_pb_code][\/et_pb_column][\/et_pb_row][\/et_pb_section][et_pb_section fb_built=&#8221;1&#8243; _builder_version=&#8221;4.16&#8243; background_color=&#8221;#660724&#8243; custom_padding=&#8221;0px||0px|||&#8221; global_colors_info=&#8221;{}&#8221;][et_pb_row column_structure=&#8221;1_4,3_4&#8243; make_equal=&#8221;on&#8221; _builder_version=&#8221;4.16&#8243; global_colors_info=&#8221;{}&#8221;][et_pb_column type=&#8221;1_4&#8243; _builder_version=&#8221;4.16&#8243; global_colors_info=&#8221;{}&#8221;][et_pb_image src=&#8221;https:\/\/portadafrente.pt\/selection\/wp-content\/uploads\/2022\/07\/Asset-2.png&#8221; title_text=&#8221;Asset 2&#8243; align=&#8221;center&#8221; _builder_version=&#8221;4.17.6&#8243; max_width=&#8221;80%&#8221; max_width_tablet=&#8221;200px&#8221; max_width_phone=&#8221;&#8221; max_width_last_edited=&#8221;on|desktop&#8221; custom_margin=&#8221;||22px|||&#8221; global_colors_info=&#8221;{}&#8221;][\/et_pb_image][et_pb_code _builder_version=&#8221;4.16&#8243; global_colors_info=&#8221;{}&#8221;]<\/p>\n<ul class=\"list-inline\"><!-- [et_pb_line_break_holder] -->                  <\/p>\n<li class=\"list-inline-item\"><a href=\"http:\/\/www.facebook.com\/portadafrente\" target=\"_blank\" class=\"text-white\" rel=\"noopener noreferrer\"><i class=\"fab fa-2x fa-facebook\"><\/i><\/a><\/li>\n<p><!-- [et_pb_line_break_holder] -->                  <\/p>\n<li class=\"list-inline-item\"><a href=\"https:\/\/www.instagram.com\/portadafrentechristies\/\" target=\"_blank\" class=\"text-white\" rel=\"noopener noreferrer\"><i class=\"fab fa-2x fa-instagram\"><\/i><\/a><\/li>\n<p><!-- [et_pb_line_break_holder] -->                  <\/p>\n<li class=\"list-inline-item\"><a href=\"https:\/\/www.linkedin.com\/company\/porta-da-frente-christie%27s\/\" target=\"_blank\" class=\"text-white\" rel=\"noopener noreferrer\"><i class=\"fab fa-2x fa-linkedin\"><\/i><\/a><\/li>\n<p><!-- [et_pb_line_break_holder] -->                  <\/p>\n<li class=\"list-inline-item\"><a href=\"https:\/\/www.youtube.com\/channel\/UCyxni2x557JaDk-b8XXpctA\/\" target=\"_blank\" class=\"text-white\" rel=\"noopener noreferrer\"><i class=\"fab fa-2x fa-youtube\"><\/i><\/a><\/li>\n<p><!-- [et_pb_line_break_holder] -->                <\/ul>\n<p>[\/et_pb_code][\/et_pb_column][et_pb_column type=&#8221;3_4&#8243; _builder_version=&#8221;4.16&#8243; global_colors_info=&#8221;{}&#8221;][et_pb_text module_class=&#8221;text-footer&#8221; _builder_version=&#8221;4.16&#8243; text_text_color=&#8221;#ffffff&#8221; text_font_size=&#8221;16px&#8221; text_font_size_tablet=&#8221;13px&#8221; text_font_size_phone=&#8221;&#8221; text_font_size_last_edited=&#8221;on|tablet&#8221; text_orientation_tablet=&#8221;center&#8221; text_orientation_phone=&#8221;&#8221; text_orientation_last_edited=&#8221;on|phone&#8221; global_colors_info=&#8221;{}&#8221;]<\/p>\n<p><span>A\u00a0<\/span><strong>Porta da Frente Christie\u2019s<\/strong><span>\u00a0\u00e9 uma empresa de media\u00e7\u00e3o imobili\u00e1ria que trabalha no mercado h\u00e1 mais de duas d\u00e9cadas, focando-se nos melhores im\u00f3veis e empreendimentos, quer para venda quer para arrendamento. A empresa foi selecionada pela prestigiada marca Christie\u2019s International Real Estate para representar Portugal, nas zonas de Lisboa, Cascais, Oeiras e Alentejo. A principal miss\u00e3o da\u00a0<\/span><strong>Porta da Frente Christie\u2019s<\/strong><span>\u00a0\u00e9 privilegiar um servi\u00e7o de excel\u00eancia a todos os nossos clientes.<\/span><\/p>\n<p>[\/et_pb_text][\/et_pb_column][\/et_pb_row][\/et_pb_section]<\/p>\n","protected":false},"excerpt":{"rendered":"<p>Habilite-se a ganhar (mais) pr\u00e9mios Inscreva-se gratuitamente no sorteio em t\u00f4mbola que ir\u00e1 oferecer v\u00e1rios pr\u00e9mios a todos os participantes. Deixe-nos os seus dados de inscri\u00e7\u00e3o: \r\n<input type=\"hidden\" value=\"\" class=\"utm_source\" name=\"utm_source\" \/>\r\n<input type=\"hidden\" value=\"\" class=\"utm_campaign\" name=\"utm_campaign\" \/>\r\n<input type=\"hidden\" value=\"\" class=\"utm_medium\" name=\"utm_medium\" \/>\r\n<input type=\"hidden\" value=\"\" class=\"utm_content\" name=\"utm_content\" \/>\r\n<input type=\"hidden\" value=\"\" class=\"utm_term\" name=\"utm_term\" \/>\r\n<input type=\"hidden\" value=\"\" class=\"gclid\" name=\"gclid\" \/> QUERO PARTICIPARA\u00a0Porta da Frente Christie\u2019s\u00a0\u00e9 uma empresa de media\u00e7\u00e3o imobili\u00e1ria que trabalha no mercado h\u00e1 mais de duas d\u00e9cadas, focando-se nos melhores im\u00f3veis e empreendimentos, quer para venda [&hellip;]<\/p>\n","protected":false},"author":1,"featured_media":0,"parent":0,"menu_order":0,"comment_status":"closed","ping_status":"closed","template":"","meta":{"_et_pb_use_builder":"on","_et_pb_old_content":"","_et_gb_content_width":""},"_links":{"self":[{"href":"https:\/\/portadafrente.pt\/selection\/wp-json\/wp\/v2\/pages\/3246"}],"collection":[{"href":"https:\/\/portadafrente.pt\/selection\/wp-json\/wp\/v2\/pages"}],"about":[{"href":"https:\/\/portadafrente.pt\/selection\/wp-json\/wp\/v2\/types\/page"}],"author":[{"embeddable":true,"href":"https:\/\/portadafrente.pt\/selection\/wp-json\/wp\/v2\/users\/1"}],"replies":[{"embeddable":true,"href":"https:\/\/portadafrente.pt\/selection\/wp-json\/wp\/v2\/comments?post=3246"}],"version-history":[{"count":12,"href":"https:\/\/portadafrente.pt\/selection\/wp-json\/wp\/v2\/pages\/3246\/revisions"}],"predecessor-version":[{"id":3263,"href":"https:\/\/portadafrente.pt\/selection\/wp-json\/wp\/v2\/pages\/3246\/revisions\/3263"}],"wp:attachment":[{"href":"https:\/\/portadafrente.pt\/selection\/wp-json\/wp\/v2\/media?parent=3246"}],"curies":[{"name":"wp","href":"https:\/\/api.w.org\/{rel}","templated":true}]}}