{"id":2994,"date":"2023-01-11T12:22:49","date_gmt":"2023-01-11T15:22:49","guid":{"rendered":"https:\/\/portadafrente.pt\/selection\/?page_id=2994"},"modified":"2023-01-23T08:05:22","modified_gmt":"2023-01-23T11:05:22","slug":"fr","status":"publish","type":"page","link":"https:\/\/portadafrente.pt\/selection\/registo-de-parcerias\/fr\/","title":{"rendered":"Partenaires | Enregistrement client"},"content":{"rendered":"<p>[et_pb_section fb_built=&#8221;1&#8243; custom_padding_last_edited=&#8221;on|phone&#8221; module_id=&#8221;top&#8221; _builder_version=&#8221;4.17.6&#8243; background_color=&#8221;#660024&#8243; background_image=&#8221;https:\/\/portadafrente.pt\/selection\/wp-content\/uploads\/2022\/10\/v1016-a-07.png&#8221; background_position=&#8221;top_center&#8221; background_blend=&#8221;color-burn&#8221; min_height=&#8221;100vh&#8221; min_height_tablet=&#8221;60vh&#8221; min_height_phone=&#8221;&#8221; min_height_last_edited=&#8221;on|phone&#8221; height_tablet=&#8221;&#8221; height_phone=&#8221;auto&#8221; height_last_edited=&#8221;on|tablet&#8221; max_height_tablet=&#8221;&#8221; max_height_phone=&#8221;&#8221; max_height_last_edited=&#8221;on|desktop&#8221; custom_margin=&#8221;0px||0px||false|false&#8221; custom_padding=&#8221;30px||30px||false|false&#8221; custom_padding_tablet=&#8221;0px||0%||false|false&#8221; custom_padding_phone=&#8221;40px||40px||false|false&#8221; animation_style=&#8221;fade&#8221; custom_css_main_element=&#8221;display:flex;&#8221; global_colors_info=&#8221;{}&#8221;][et_pb_row column_structure=&#8221;2_3,1_3&#8243; use_custom_gutter=&#8221;on&#8221; make_equal=&#8221;on&#8221; _builder_version=&#8221;4.17.6&#8243; custom_margin=&#8221;0px||0px||false|false&#8221; custom_padding=&#8221;0px||0px||false|false&#8221; custom_css_main_element=&#8221;align-self:center;&#8221; global_colors_info=&#8221;{}&#8221;][et_pb_column type=&#8221;2_3&#8243; module_class=&#8221;center-v&#8221; _builder_version=&#8221;4.17.6&#8243; custom_css_main_element=&#8221;align-self:center;&#8221; global_colors_info=&#8221;{}&#8221;][et_pb_image src=&#8221;https:\/\/portadafrente.pt\/selection\/wp-content\/uploads\/2022\/07\/Asset-2.png&#8221; title_text=&#8221;Asset 2&#8243; align_tablet=&#8221;&#8221; align_phone=&#8221;center&#8221; align_last_edited=&#8221;on|phone&#8221; _builder_version=&#8221;4.17.6&#8243; _module_preset=&#8221;default&#8221; max_width=&#8221;200px&#8221; max_width_tablet=&#8221;200px&#8221; max_width_phone=&#8221;160px&#8221; max_width_last_edited=&#8221;on|phone&#8221; global_colors_info=&#8221;{}&#8221;][\/et_pb_image][et_pb_text _builder_version=&#8221;4.17.6&#8243; text_text_color=&#8221;#ffffff&#8221; text_font_size=&#8221;21px&#8221; header_font=&#8221;Montserrat|700|||||||&#8221; header_text_align=&#8221;left&#8221; header_text_color=&#8221;#EDF000&#8243; header_font_size=&#8221;50px&#8221; header_2_font=&#8221;Cairo|600|||||||&#8221; header_2_text_align=&#8221;left&#8221; header_2_text_color=&#8221;#FFFFFF&#8221; header_2_font_size=&#8221;38px&#8221; background_color=&#8221;RGBA(0,0,0,0)&#8221; position_origin_a=&#8221;bottom_left&#8221; width=&#8221;100%&#8221; max_width_tablet=&#8221;100%&#8221; max_width_phone=&#8221;100%&#8221; max_width_last_edited=&#8221;on|phone&#8221; custom_margin=&#8221;||10px||false|false&#8221; custom_margin_tablet=&#8221;||40px||false|false&#8221; custom_margin_phone=&#8221;||16px||false|false&#8221; custom_margin_last_edited=&#8221;on|phone&#8221; custom_padding=&#8221;||0px||false|false&#8221; custom_padding_tablet=&#8221;0px|0%|0px||false|false&#8221; custom_padding_phone=&#8221;0px|0%|0px||false|false&#8221; custom_padding_last_edited=&#8221;on|phone&#8221; header_text_align_tablet=&#8221;center&#8221; header_text_align_phone=&#8221;center&#8221; header_text_align_last_edited=&#8221;on|desktop&#8221; header_text_color_tablet=&#8221;#FFFFFF&#8221; header_text_color_phone=&#8221;#EDF000&#8243; header_text_color_last_edited=&#8221;on|phone&#8221; header_font_size_tablet=&#8221;45px&#8221; header_font_size_phone=&#8221;36px&#8221; header_font_size_last_edited=&#8221;on|phone&#8221; header_2_text_align_tablet=&#8221;left&#8221; header_2_text_align_phone=&#8221;center&#8221; header_2_text_align_last_edited=&#8221;on|phone&#8221; header_2_text_color_tablet=&#8221;#FFFFFF&#8221; header_2_text_color_phone=&#8221;#FFFFFF&#8221; header_2_text_color_last_edited=&#8221;on|desktop&#8221; header_2_font_size_tablet=&#8221;36px&#8221; header_2_font_size_phone=&#8221;22px&#8221; header_2_font_size_last_edited=&#8221;on|tablet&#8221; text_orientation_tablet=&#8221;center&#8221; text_orientation_phone=&#8221;center&#8221; text_orientation_last_edited=&#8221;on|phone&#8221; header_text_shadow_style=&#8221;preset2&#8243; header_text_shadow_blur_strength=&#8221;0.19em&#8221; header_text_shadow_color=&#8221;#000000&#8243; border_radii=&#8221;on|1px|1px|1px|1px&#8221; global_colors_info=&#8221;{}&#8221;]<\/p>\n<h2><span><span style=\"color: #ffcc99;\"><strong><b><span lang=\"pt\">Faire une demande de partenariat <\/span><\/b><\/strong><\/span><br \/>facilement et en toute s\u00e9curit\u00e9<\/span><\/h2>\n<h1><\/h1>\n<p>[\/et_pb_text][et_pb_text module_class=&#8221;topicos-portas-abertas&#8221; _builder_version=&#8221;4.17.6&#8243; _module_preset=&#8221;default&#8221; text_font=&#8221;|600|||||||&#8221; text_text_color=&#8221;#FFFFFF&#8221; text_font_size=&#8221;18px&#8221; ul_text_color=&#8221;#FFFFFF&#8221; ul_line_height=&#8221;1.5em&#8221; header_font=&#8221;|300|||||||&#8221; header_text_align=&#8221;left&#8221; header_text_color=&#8221;#FFFFFF&#8221; header_font_size=&#8221;20px&#8221; header_line_height=&#8221;1.2em&#8221; custom_margin=&#8221;||19px|||&#8221; text_font_last_edited=&#8221;off|phone&#8221; text_font_size_tablet=&#8221;22px&#8221; text_font_size_phone=&#8221;16px&#8221; text_font_size_last_edited=&#8221;on|phone&#8221; header_text_align_tablet=&#8221;left&#8221; header_text_align_phone=&#8221;center&#8221; header_text_align_last_edited=&#8221;on|phone&#8221; header_font_size_tablet=&#8221;20px&#8221; header_font_size_phone=&#8221;16px&#8221; header_font_size_last_edited=&#8221;on|phone&#8221; global_colors_info=&#8221;{}&#8221;]<\/p>\n<h1>Pour faire une demande de partenariat, il suffit de remplir tous les champs du formulaire. Apr\u00e8s l&#8217;ach\u00e8vement complet, les donn\u00e9es seront soumises pour v\u00e9rification interne et approbation finale du partenariat.<\/h1>\n<p>[\/et_pb_text][et_pb_text module_class=&#8221;topicos-portas-abertas&#8221; _builder_version=&#8221;4.17.6&#8243; _module_preset=&#8221;default&#8221; text_font=&#8221;|600|||||||&#8221; text_text_color=&#8221;#FFFFFF&#8221; text_font_size=&#8221;18px&#8221; link_text_color=&#8221;#ffcc99&#8243; ul_text_color=&#8221;#FFFFFF&#8221; ul_line_height=&#8221;1.5em&#8221; header_font=&#8221;|300|||||||&#8221; header_text_align=&#8221;left&#8221; header_text_color=&#8221;#FFFFFF&#8221; header_font_size=&#8221;20px&#8221; header_line_height=&#8221;1.2em&#8221; custom_margin=&#8221;||19px|||&#8221; text_font_last_edited=&#8221;off|phone&#8221; text_font_size_tablet=&#8221;22px&#8221; text_font_size_phone=&#8221;16px&#8221; text_font_size_last_edited=&#8221;on|phone&#8221; text_orientation_tablet=&#8221;&#8221; text_orientation_phone=&#8221;center&#8221; text_orientation_last_edited=&#8221;on|phone&#8221; global_colors_info=&#8221;{}&#8221;]<\/p>\n<p>Questions, suggestions ou r\u00e9clamations: <a href=\"mailto:parcerias@portadafrente.pt\">parcerias@portadafrente.pt<\/a><\/p>\n<p>[\/et_pb_text][\/et_pb_column][et_pb_column type=&#8221;1_3&#8243; module_class=&#8221;center-v&#8221; _builder_version=&#8221;4.17.6&#8243; background_color=&#8221;rgba(0,0,0,0.5)&#8221; custom_padding=&#8221;20px|20px|20px|20px|true|false&#8221; animation_style=&#8221;zoom&#8221; border_radii=&#8221;on|15px|15px|15px|15px&#8221; global_colors_info=&#8221;{}&#8221;][et_pb_code _builder_version=&#8221;4.17.6&#8243; hover_enabled=&#8221;0&#8243; locked=&#8221;off&#8221; global_colors_info=&#8221;{}&#8221; sticky_enabled=&#8221;0&#8243;]<script><!-- [et_pb_line_break_holder] -->function validateForm() {<!-- [et_pb_line_break_holder] --><!-- [et_pb_line_break_holder] -->  var x = document.forms[\"FormHandler\"][\"pardot_extra_field\"].value;<!-- [et_pb_line_break_holder] -->  var y = document.forms[\"FormHandler\"][\"email\"].value;<!-- [et_pb_line_break_holder] -->  var mailformat = \/^[a-zA-Z0-9.!#$%&'*+\/=?^_`{|}~-]+@[a-zA-Z0-9-]+(?:\\.[a-zA-Z0-9-]+)*$\/;<!-- [et_pb_line_break_holder] --><!-- [et_pb_line_break_holder] -->if(y.match(mailformat))<!-- [et_pb_line_break_holder] -->{<!-- [et_pb_line_break_holder] --> if (x == \"\" || x == null) {<!-- [et_pb_line_break_holder] -->    return true;<!-- [et_pb_line_break_holder] -->  }<!-- [et_pb_line_break_holder] -->  else {<!-- [et_pb_line_break_holder] -->  \talert(\"SPAM DETECTED\");<!-- [et_pb_line_break_holder] -->  \treturn false;<!-- [et_pb_line_break_holder] -->  }<!-- [et_pb_line_break_holder] -->}<!-- [et_pb_line_break_holder] -->else<!-- [et_pb_line_break_holder] -->{<!-- [et_pb_line_break_holder] -->alert(\"E-mail inv\u00e1lido\");<!-- [et_pb_line_break_holder] -->return false;<!-- [et_pb_line_break_holder] -->}<!-- [et_pb_line_break_holder] -->}<!-- [et_pb_line_break_holder] --><\/script><!-- [et_pb_line_break_holder] --><!-- [et_pb_line_break_holder] --><\/p>\n<form name=\"FormHandler\" id=\"registo-parceiro\" action=\"https:\/\/go.portadafrente.com\/l\/597781\/2023-01-11\/2cqq8nc\" method=\"post\" onsubmit=\"return validateForm()\"><!-- [et_pb_line_break_holder] --><\/p>\n<fieldset><!-- [et_pb_line_break_holder] -->  <!-- [et_pb_line_break_holder] -->  <span class=\"label-form\">Partenaire<\/span><!-- [et_pb_line_break_holder] --><!-- [et_pb_line_break_holder] --><!-- Text input--><!-- [et_pb_line_break_holder] --><\/p>\n<div class=\"form-group\"><!-- [et_pb_line_break_holder] -->  <input id=\"\" name=\"nome\" type=\"text\" placeholder=\"Nom*\" class=\"form-control-new\" required=\"\"><!-- [et_pb_line_break_holder] --><\/div>\n<p><!-- [et_pb_line_break_holder] -->  <!-- [et_pb_line_break_holder] --><!-- Text input--><!-- [et_pb_line_break_holder] --><\/p>\n<div class=\"form-group\"><!-- [et_pb_line_break_holder] -->  <input id=\"\" name=\"mediadora\" type=\"text\" placeholder=\"Compagnie*\" class=\"form-control-new\" required=\"\"><!-- [et_pb_line_break_holder] --><\/div>\n<p><!-- [et_pb_line_break_holder] --><!-- [et_pb_line_break_holder] --><!-- Text input--><!-- [et_pb_line_break_holder] --><\/p>\n<div class=\"form-group\">  <!-- [et_pb_line_break_holder] -->  <input id=\"\" name=\"email\" type=\"text\" placeholder=\"E-mail*\" class=\"form-control-new\" required=\"\"><!-- [et_pb_line_break_holder] --><\/div>\n<p><!-- [et_pb_line_break_holder] -->  <!-- [et_pb_line_break_holder] --><!-- Text input--><!-- [et_pb_line_break_holder] --><\/p>\n<div class=\"form-group\"><!-- [et_pb_line_break_holder] -->  <input id=\"\" name=\"telefone\" type=\"text\" placeholder=\"T\u00e9l\u00e9phone*\" class=\"form-control-new\" required=\"\"><!-- [et_pb_line_break_holder] --><\/div>\n<p> <!-- [et_pb_line_break_holder] -->  <!-- [et_pb_line_break_holder] -->  <span class=\"label-form\">Client<\/span><!-- [et_pb_line_break_holder] -->  <!-- [et_pb_line_break_holder] -->    <!-- Text input--><!-- [et_pb_line_break_holder] --><\/p>\n<div class=\"form-group\"><!-- [et_pb_line_break_holder] -->  <input id=\"\" name=\"client-firstname\" type=\"text\" placeholder=\"Pr\u00e9nom*\" class=\"form-control-new\" required=\"\"><!-- [et_pb_line_break_holder] --><\/div>\n<p><!-- [et_pb_line_break_holder] -->  <!-- [et_pb_line_break_holder] -->      <!-- Text input--><!-- [et_pb_line_break_holder] --><\/p>\n<div class=\"form-group\"><!-- [et_pb_line_break_holder] -->  <input id=\"\" name=\"client-lastname\" type=\"text\" placeholder=\"Nom de famille*\" class=\"form-control-new\" required=\"\"><!-- [et_pb_line_break_holder] --><\/div>\n<p><!-- [et_pb_line_break_holder] --><!-- [et_pb_line_break_holder] -->  <!-- Text input--><!-- [et_pb_line_break_holder] --><\/p>\n<div class=\"form-group\"><!-- [et_pb_line_break_holder] -->  <input id=\"\" name=\"client-email\" type=\"text\" placeholder=\"4 premi\u00e8res lettres d'email*\" class=\"form-control-new\" required=\"\"><!-- [et_pb_line_break_holder] --><\/div>\n<p><!-- [et_pb_line_break_holder] -->  <!-- [et_pb_line_break_holder] --><!-- Text input--><!-- [et_pb_line_break_holder] --><\/p>\n<div class=\"form-group\"><!-- [et_pb_line_break_holder] -->  <input id=\"\" name=\"client-phone\" type=\"text\" placeholder=\"4 derniers chiffres du t\u00e9l\u00e9phone*\" class=\"form-control-new\" required=\"\"><!-- [et_pb_line_break_holder] --><\/div>\n<p><!-- [et_pb_line_break_holder] --><!-- [et_pb_line_break_holder] -->  <span class=\"label-form\">Demander<\/span><!-- [et_pb_line_break_holder] --><!-- [et_pb_line_break_holder] --><!-- Text input--><!-- [et_pb_line_break_holder] --><\/p>\n<div class=\"form-group\"><!-- [et_pb_line_break_holder] -->  <select class=\"form-control-new\" name=\"clientlocation\" style=\"-webkit-appearance:none;\" required=\"\"><!-- [et_pb_line_break_holder] --><option value=\"\">Choisissez un emplacement*<\/option><!-- [et_pb_line_break_holder] --><option value=\"Cascais Escritorio\">Cascais<\/option><!-- [et_pb_line_break_holder] --><option value=\"Lisboa Escritorio\">Lisbonne<\/option><!-- [et_pb_line_break_holder] --><option value=\"Oeiras Escritorio\">Oeiras<\/option><!-- [et_pb_line_break_holder] --><option value=\"Comporta Escritorio\">Comporta<\/option><!-- [et_pb_line_break_holder] -->  <\/select><!-- [et_pb_line_break_holder] --><\/div>\n<p><!-- [et_pb_line_break_holder] --><!-- [et_pb_line_break_holder] --><!-- Text input--><!-- [et_pb_line_break_holder] --><\/p>\n<div class=\"form-group\"><!-- [et_pb_line_break_holder] -->  <select class=\"form-control-new\" name=\"clientnegocio\" style=\"-webkit-appearance:none;\" required=\"\"><!-- [et_pb_line_break_holder] --><option value=\"\">Choisissez un type d&#8217;entreprise*<\/option><!-- [et_pb_line_break_holder] --><option value=\"Comprar\">Acheter<\/option><!-- [et_pb_line_break_holder] --><option value=\"Arrendar\">Louer<\/option><!-- [et_pb_line_break_holder] -->  <\/select><!-- [et_pb_line_break_holder] --><\/div>\n<p><!-- [et_pb_line_break_holder] --> <!-- [et_pb_line_break_holder] --><!-- Text input-->  <!-- [et_pb_line_break_holder] --><\/p>\n<div class=\"form-group\"><!-- [et_pb_line_break_holder] -->  <input id=\"\" name=\"client-pedido\" type=\"text\" placeholder=\"R\u00e9f\u00e9rence (PF) ou B\u00e2timent\" class=\"form-control-new\"><!-- [et_pb_line_break_holder] --><\/div>\n<p><!-- [et_pb_line_break_holder] --> <!-- [et_pb_line_break_holder] --><span class=\"label-form\">Vous n&#8217;avez pas de propri\u00e9t\u00e9 sp\u00e9cifique?<\/span>  <!-- [et_pb_line_break_holder] -->  <!-- [et_pb_line_break_holder] --><!-- Text input--><!-- [et_pb_line_break_holder] --><\/p>\n<div class=\"form-group\"><!-- [et_pb_line_break_holder] -->  <select class=\"form-control-new\" name=\"client-tipo_imovel\" style=\"-webkit-appearance:none;\"><!-- [et_pb_line_break_holder] --><option value=\"\">Type de propri\u00e9t\u00e9<\/option><!-- [et_pb_line_break_holder] --><option value=\"Maison\">Maison<\/option><!-- [et_pb_line_break_holder] --><option value=\"Appartement\">Appartement<\/option><!-- [et_pb_line_break_holder] --><option value=\"Ferme\">Ferme<\/option><!-- [et_pb_line_break_holder] --><option value=\"Terrain\">Terrain<\/option><!-- [et_pb_line_break_holder] --><option value=\"Autre\">Autre<\/option><!-- [et_pb_line_break_holder] -->  <\/select><!-- [et_pb_line_break_holder] --><\/div>\n<p><!-- [et_pb_line_break_holder] -->  <!-- [et_pb_line_break_holder] -->  <!-- Text input--><!-- [et_pb_line_break_holder] --><\/p>\n<div class=\"form-group\"><!-- [et_pb_line_break_holder] -->  <select class=\"form-control-new\" name=\"client-tipologia\" style=\"-webkit-appearance:none;\"><!-- [et_pb_line_break_holder] --><option value=\"\">Typologie souhait\u00e9e<\/option><!-- [et_pb_line_break_holder] --><option value=\"T0\">T0<\/option><!-- [et_pb_line_break_holder] --><option value=\"T1\">T1<\/option><!-- [et_pb_line_break_holder] --><option value=\"T2\">T2<\/option><!-- [et_pb_line_break_holder] --><option value=\"T3\">T3<\/option><!-- [et_pb_line_break_holder] --><option value=\"T4+\">T4+<\/option><!-- [et_pb_line_break_holder] -->  <\/select><!-- [et_pb_line_break_holder] --><\/div>\n<p><!-- [et_pb_line_break_holder] -->  <!-- [et_pb_line_break_holder] -->  <!-- Text input--><!-- [et_pb_line_break_holder] --><\/p>\n<div class=\"form-group\"><!-- [et_pb_line_break_holder] -->  <select class=\"form-control-new\" id=\"client-valor\" name=\"valor\" style=\"-webkit-appearance:none;\"><!-- [et_pb_line_break_holder] --><option value=\"\">Investissement<\/option><!-- [et_pb_line_break_holder] --><option value=\"At\u00e9 500.000\u20ac\">Jusqu&#8217;\u00e0 500.000\u20ac<\/option><!-- [et_pb_line_break_holder] --><option value=\"At\u00e9 1.000.000\u20ac\">Jusqu&#8217;\u00e0 1.000.000\u20ac<\/option><!-- [et_pb_line_break_holder] --><option value=\"At\u00e9 1.500.000\u20ac\">Jusqu&#8217;\u00e0 1.500.000\u20ac<\/option><!-- [et_pb_line_break_holder] --><option value=\"2.000.000\u20ac +\">2.000.000\u20ac +<\/option><!-- [et_pb_line_break_holder] -->  <\/select><!-- [et_pb_line_break_holder] --><\/div>\n<p><!-- [et_pb_line_break_holder] --><!-- [et_pb_line_break_holder] -->  <!-- Button --><!-- [et_pb_line_break_holder] --><\/p>\n<div class=\"form-group\"><!-- [et_pb_line_break_holder] -->  <button id=\"btn-submit-form\" name=\"submit\" type=\"submit\" class=\"btn-enviar-pedido\">ENVOYER UNE DEMANDE<\/button><!-- [et_pb_line_break_holder] --><\/div>\n<p><!-- [et_pb_line_break_holder] --><!-- [et_pb_line_break_holder] --><!-- [et_pb_line_break_holder] --><!-- [et_pb_line_break_holder] --><\/fieldset>\n<p><!-- [et_pb_line_break_holder] --><\/form>\n<p><!-- [et_pb_line_break_holder] -->[\/et_pb_code][\/et_pb_column][\/et_pb_row][\/et_pb_section]<\/p>\n","protected":false},"excerpt":{"rendered":"<p>Faire une demande de partenariat facilement et en toute s\u00e9curit\u00e9 Pour faire une demande de partenariat, il suffit de remplir tous les champs du formulaire. Apr\u00e8s l&#8217;ach\u00e8vement complet, les donn\u00e9es seront soumises pour v\u00e9rification interne et approbation finale du partenariat.Questions, suggestions ou r\u00e9clamations: parcerias@portadafrente.pt<\/p>\n","protected":false},"author":1,"featured_media":0,"parent":2986,"menu_order":0,"comment_status":"closed","ping_status":"closed","template":"","meta":{"_et_pb_use_builder":"on","_et_pb_old_content":"","_et_gb_content_width":""},"_links":{"self":[{"href":"https:\/\/portadafrente.pt\/selection\/wp-json\/wp\/v2\/pages\/2994"}],"collection":[{"href":"https:\/\/portadafrente.pt\/selection\/wp-json\/wp\/v2\/pages"}],"about":[{"href":"https:\/\/portadafrente.pt\/selection\/wp-json\/wp\/v2\/types\/page"}],"author":[{"embeddable":true,"href":"https:\/\/portadafrente.pt\/selection\/wp-json\/wp\/v2\/users\/1"}],"replies":[{"embeddable":true,"href":"https:\/\/portadafrente.pt\/selection\/wp-json\/wp\/v2\/comments?post=2994"}],"version-history":[{"count":5,"href":"https:\/\/portadafrente.pt\/selection\/wp-json\/wp\/v2\/pages\/2994\/revisions"}],"predecessor-version":[{"id":3030,"href":"https:\/\/portadafrente.pt\/selection\/wp-json\/wp\/v2\/pages\/2994\/revisions\/3030"}],"up":[{"embeddable":true,"href":"https:\/\/portadafrente.pt\/selection\/wp-json\/wp\/v2\/pages\/2986"}],"wp:attachment":[{"href":"https:\/\/portadafrente.pt\/selection\/wp-json\/wp\/v2\/media?parent=2994"}],"curies":[{"name":"wp","href":"https:\/\/api.w.org\/{rel}","templated":true}]}}