{"id":933,"date":"2022-04-16T18:51:27","date_gmt":"2022-04-16T18:51:27","guid":{"rendered":"https:\/\/portadafrente.pt\/procura-se-pintor-de-portas\/?post_type=product&#038;p=933"},"modified":"2022-05-11T12:03:55","modified_gmt":"2022-05-11T12:03:55","slug":"porta-10","status":"publish","type":"product","link":"https:\/\/portadafrente.pt\/procura-se-pintor-de-portas\/portas\/porta-10\/","title":{"rendered":"Porta 10"},"content":{"rendered":"","protected":false},"excerpt":{"rendered":"<p style=\"text-align: left;\"><strong>Disclaimer<\/strong><\/p>\n<ol start=\"1\" type=\"1\">\n<li style=\"text-align: left;\"><strong>Todo o valor arrecadado ser\u00e1 doado para uma institui\u00e7\u00e3o de solidariedade social.<\/strong><\/li>\n<li style=\"text-align: left;\">A compra de cada pe\u00e7a \u00e9 atribu\u00edda por pedido de reserva \/ compra. Ap\u00f3s fazer o seu pedido, ser\u00e1 enviado um e-mail a confirmar que ser\u00e1 o novo propriet\u00e1rio da porta.<\/li>\n<li style=\"text-align: left;\">As pe\u00e7as n\u00e3o t\u00eam um valor definido, pelo que existe apenas um valor de licita\u00e7\u00e3o m\u00ednimo.<\/li>\n<li style=\"text-align: left;\">O pagamento ser\u00e1 efetuado via transfer\u00eancia banc\u00e1ria.<\/li>\n<li style=\"text-align: left;\">A recolha da porta dever\u00e1 ser feita na sede da Porta da Frente Christie\u2019s, em Cascais, edif\u00edcio Estoril Sol. N\u00e3o realizaremos nenhum tipo de entrega ou envio.<\/li>\n<\/ol>\n","protected":false},"featured_media":912,"template":"","meta":{"_et_pb_use_builder":"","_et_pb_old_content":"","_et_gb_content_width":""},"product_cat":[24],"product_tag":[],"_links":{"self":[{"href":"https:\/\/portadafrente.pt\/procura-se-pintor-de-portas\/wp-json\/wp\/v2\/product\/933"}],"collection":[{"href":"https:\/\/portadafrente.pt\/procura-se-pintor-de-portas\/wp-json\/wp\/v2\/product"}],"about":[{"href":"https:\/\/portadafrente.pt\/procura-se-pintor-de-portas\/wp-json\/wp\/v2\/types\/product"}],"wp:featuredmedia":[{"embeddable":true,"href":"https:\/\/portadafrente.pt\/procura-se-pintor-de-portas\/wp-json\/wp\/v2\/media\/912"}],"wp:attachment":[{"href":"https:\/\/portadafrente.pt\/procura-se-pintor-de-portas\/wp-json\/wp\/v2\/media?parent=933"}],"wp:term":[{"taxonomy":"product_cat","embeddable":true,"href":"https:\/\/portadafrente.pt\/procura-se-pintor-de-portas\/wp-json\/wp\/v2\/product_cat?post=933"},{"taxonomy":"product_tag","embeddable":true,"href":"https:\/\/portadafrente.pt\/procura-se-pintor-de-portas\/wp-json\/wp\/v2\/product_tag?post=933"}],"curies":[{"name":"wp","href":"https:\/\/api.w.org\/{rel}","templated":true}]}}