{"id":853,"date":"2022-04-14T01:21:17","date_gmt":"2022-04-14T01:21:17","guid":{"rendered":"https:\/\/portadafrente.pt\/procura-se-pintor-de-portas\/request-quote\/"},"modified":"2022-05-02T13:58:22","modified_gmt":"2022-05-02T13:58:22","slug":"fazer-um-pedido","status":"publish","type":"page","link":"https:\/\/portadafrente.pt\/procura-se-pintor-de-portas\/fazer-um-pedido\/","title":{"rendered":"Fazer um pedido"},"content":{"rendered":"<p>[et_pb_section fb_built=&#8221;1&#8243; _builder_version=&#8221;4.13.0&#8243; background_color=&#8221;#000000&#8243; custom_padding=&#8221;0px||0px|||&#8221; global_colors_info=&#8221;{}&#8221;][et_pb_row _builder_version=&#8221;3.25&#8243; background_size=&#8221;initial&#8221; background_position=&#8221;top_left&#8221; background_repeat=&#8221;repeat&#8221; custom_padding=&#8221;0px||0px|||&#8221; global_colors_info=&#8221;{}&#8221;][et_pb_column type=&#8221;4_4&#8243; _builder_version=&#8221;3.25&#8243; custom_padding=&#8221;|||&#8221; global_colors_info=&#8221;{}&#8221; custom_padding__hover=&#8221;|||&#8221;][et_pb_text _builder_version=&#8221;3.27.4&#8243; background_size=&#8221;initial&#8221; background_position=&#8221;top_left&#8221; background_repeat=&#8221;repeat&#8221; global_colors_info=&#8221;{}&#8221;]<\/p>\n<div class=\"woocommerce ywraq-wrapper\">\n\t<div id=\"yith-ywraq-message\"><\/div>\n\t<div class=\"ywraq-form-table-wrapper \">\n\t\t\t<p>N\u00e3o h\u00e1 produtos em lista<\/p>\n\n\t\t\t<\/div>\n<\/div>\n\n<p><!-- divi:paragraph --><\/p>\n<p><!-- \/divi:paragraph -->[\/et_pb_text][et_pb_text _builder_version=&#8221;4.13.0&#8243; _module_preset=&#8221;default&#8221; text_text_color=&#8221;#FFFFFF&#8221; text_font_size=&#8221;13px&#8221; ol_line_height=&#8221;1.5em&#8221; custom_padding=&#8221;||20px||false|false&#8221; hover_enabled=&#8221;0&#8243; global_colors_info=&#8221;{}&#8221; sticky_enabled=&#8221;0&#8243;]<\/p>\n<p><strong>Disclaimer<\/strong><\/p>\n<ol type=\"1\" start=\"1\">\n<li><strong>Todo o valor arrecadado ser\u00e1 doado para uma institui\u00e7\u00e3o de solidariedade social.<\/strong><\/li>\n<li>A compra de cada pe\u00e7a \u00e9 atribu\u00edda por pedido de reserva \/ compra. Ap\u00f3s fazer o seu pedido, ser\u00e1 enviado um e-mail a confirmar que ser\u00e1 o novo propriet\u00e1rio da porta.<\/li>\n<li>As pe\u00e7as n\u00e3o t\u00eam um valor definido, pelo que existe apenas um valor de licita\u00e7\u00e3o m\u00ednimo.<\/li>\n<li>O pagamento ser\u00e1 efetuado via transfer\u00eancia banc\u00e1ria.<\/li>\n<li>A recolha da porta dever\u00e1 ser feita na sede da Porta da Frente Christie\u2019s, em Cascais, edif\u00edcio Estoril Sol. N\u00e3o realizares nenhum tipo de entrega ou envio.<\/li>\n<\/ol>\n<p>[\/et_pb_text][\/et_pb_column][\/et_pb_row][\/et_pb_section]<\/p>\n","protected":false},"excerpt":{"rendered":"<p><div class=\"woocommerce ywraq-wrapper\">\n\t<div id=\"yith-ywraq-message\"><\/div>\n\t<div class=\"ywraq-form-table-wrapper \">\n\t\t\t<p>N\u00e3o h\u00e1 produtos em lista<\/p>\n\n\t\t\t<\/div>\n<\/div>\n Disclaimer Todo o valor arrecadado ser\u00e1 doado para uma institui\u00e7\u00e3o de solidariedade social. A compra de cada pe\u00e7a \u00e9 atribu\u00edda por pedido de reserva \/ compra. Ap\u00f3s fazer o seu pedido, ser\u00e1 enviado um e-mail a confirmar que ser\u00e1 o novo propriet\u00e1rio da porta. As pe\u00e7as n\u00e3o t\u00eam um valor definido, pelo que existe [&hellip;]<\/p>\n","protected":false},"author":1,"featured_media":0,"parent":0,"menu_order":0,"comment_status":"closed","ping_status":"closed","template":"","meta":{"_et_pb_use_builder":"on","_et_pb_old_content":"<p>[yith_ywraq_request_quote]<\/p>\n\n<!-- wp:paragraph -->\n<p><\/p>\n<!-- \/wp:paragraph -->","_et_gb_content_width":"1080"},"_links":{"self":[{"href":"https:\/\/portadafrente.pt\/procura-se-pintor-de-portas\/wp-json\/wp\/v2\/pages\/853"}],"collection":[{"href":"https:\/\/portadafrente.pt\/procura-se-pintor-de-portas\/wp-json\/wp\/v2\/pages"}],"about":[{"href":"https:\/\/portadafrente.pt\/procura-se-pintor-de-portas\/wp-json\/wp\/v2\/types\/page"}],"author":[{"embeddable":true,"href":"https:\/\/portadafrente.pt\/procura-se-pintor-de-portas\/wp-json\/wp\/v2\/users\/1"}],"replies":[{"embeddable":true,"href":"https:\/\/portadafrente.pt\/procura-se-pintor-de-portas\/wp-json\/wp\/v2\/comments?post=853"}],"version-history":[{"count":8,"href":"https:\/\/portadafrente.pt\/procura-se-pintor-de-portas\/wp-json\/wp\/v2\/pages\/853\/revisions"}],"predecessor-version":[{"id":1103,"href":"https:\/\/portadafrente.pt\/procura-se-pintor-de-portas\/wp-json\/wp\/v2\/pages\/853\/revisions\/1103"}],"wp:attachment":[{"href":"https:\/\/portadafrente.pt\/procura-se-pintor-de-portas\/wp-json\/wp\/v2\/media?parent=853"}],"curies":[{"name":"wp","href":"https:\/\/api.w.org\/{rel}","templated":true}]}}