{"id":723,"date":"2021-11-11T12:21:38","date_gmt":"2021-11-11T12:21:38","guid":{"rendered":"https:\/\/portadafrente.pt\/procura-se-pintor-de-portas\/?page_id=723"},"modified":"2021-11-11T12:34:38","modified_gmt":"2021-11-11T12:34:38","slug":"regulamento-do-concurso","status":"publish","type":"page","link":"https:\/\/portadafrente.pt\/procura-se-pintor-de-portas\/regulamento-do-concurso\/","title":{"rendered":"Regulamento do Concurso"},"content":{"rendered":"<p>[et_pb_section fb_built=&#8221;1&#8243; module_class=&#8221;bg-door&#8221; _builder_version=&#8221;4.13.0&#8243; _module_preset=&#8221;default&#8221; background_size=&#8221;initial&#8221; background_position=&#8221;top_right&#8221; width=&#8221;100%&#8221; custom_padding=&#8221;0px||0px|0px||&#8221; hover_enabled=&#8221;0&#8243; background_last_edited=&#8221;on|tablet&#8221; background_image_tablet=&#8221;https:\/\/portadafrente.pt\/procura-se-pintor-de-portas\/wp-content\/uploads\/2021\/11\/manchas2.png&#8221; background_enable_image_tablet=&#8221;on&#8221; global_colors_info=&#8221;{}&#8221; title_text=&#8221;manchas-regulamento&#8221; background_image=&#8221;https:\/\/portadafrente.pt\/procura-se-pintor-de-portas\/wp-content\/uploads\/2021\/11\/manchas-regulamento.png&#8221; sticky_enabled=&#8221;0&#8243; custom_css_main_element=&#8221;background-attachment:fixed;&#8221; background_position_tablet=&#8221;top_right&#8221; background_size_tablet=&#8221;initial&#8221;][et_pb_row _builder_version=&#8221;4.13.0&#8243; _module_preset=&#8221;default&#8221; custom_padding=&#8221;0px||0px||false|false&#8221; global_colors_info=&#8221;{}&#8221;][et_pb_column type=&#8221;4_4&#8243; _builder_version=&#8221;4.13.0&#8243; _module_preset=&#8221;default&#8221; global_colors_info=&#8221;{}&#8221;][et_pb_image src=&#8221;https:\/\/portadafrente.pt\/procura-se-pintor-de-portas\/wp-content\/uploads\/2021\/11\/logo_splash-1.png&#8221; title_text=&#8221;logo_splash&#8221; align_tablet=&#8221;left&#8221; align_phone=&#8221;&#8221; align_last_edited=&#8221;on|phone&#8221; disabled_on=&#8221;off|off|off&#8221; _builder_version=&#8221;4.13.0&#8243; _module_preset=&#8221;default&#8221; max_width_tablet=&#8221;&#8221; max_width_phone=&#8221;80%&#8221; max_width_last_edited=&#8221;on|phone&#8221; module_alignment=&#8221;left&#8221; height_tablet=&#8221;&#8221; height_phone=&#8221;&#8221; height_last_edited=&#8221;on|phone&#8221; custom_margin=&#8221;||30px|-135px|false|false&#8221; custom_margin_tablet=&#8221;||||false|false&#8221; custom_margin_phone=&#8221;||||false|false&#8221; custom_margin_last_edited=&#8221;on|phone&#8221; custom_padding=&#8221;|||0px|false|false&#8221; animation_style=&#8221;slide&#8221; animation_direction=&#8221;top&#8221; hover_enabled=&#8221;0&#8243; global_colors_info=&#8221;{}&#8221; sticky_enabled=&#8221;0&#8243;][\/et_pb_image][\/et_pb_column][\/et_pb_row][et_pb_row custom_padding_last_edited=&#8221;on|phone&#8221; _builder_version=&#8221;4.13.0&#8243; _module_preset=&#8221;default&#8221; custom_padding=&#8221;0px||60px|||&#8221; custom_padding_tablet=&#8221;||20px||false|false&#8221; custom_padding_phone=&#8221;||20px||false|false&#8221; hover_enabled=&#8221;0&#8243; global_colors_info=&#8221;{}&#8221; sticky_enabled=&#8221;0&#8243;][et_pb_column type=&#8221;4_4&#8243; _builder_version=&#8221;4.13.0&#8243; _module_preset=&#8221;default&#8221; animation_style=&#8221;fade&#8221; hover_enabled=&#8221;0&#8243; global_colors_info=&#8221;{}&#8221; sticky_enabled=&#8221;0&#8243;][et_pb_text _builder_version=&#8221;4.13.0&#8243; _module_preset=&#8221;default&#8221; text_text_color=&#8221;#000000&#8243; text_font_size=&#8221;16px&#8221; text_line_height=&#8221;1.3em&#8221; hover_enabled=&#8221;0&#8243; global_colors_info=&#8221;{}&#8221; sticky_enabled=&#8221;0&#8243;]<\/p>\n<h2><strong>REGULAMENTO DO CONCURSO<\/strong><\/h2>\n<p>&nbsp;<\/p>\n<p>O presente Regulamento estabelece as regras gerais de participa\u00e7\u00e3o no concurso organizado pela Porta da Frente Christe\u2019s, com sede em Av. Marginal 8648, 2750-642 Cascais.<\/p>\n<ol>\n<li><strong> Concurso<\/strong><\/li>\n<\/ol>\n<p>1.1. A participa\u00e7\u00e3o neste concurso pressup\u00f5e o conhecimento e a aceita\u00e7\u00e3o integral e sem reservas das condi\u00e7\u00f5es deste Regulamento e seus eventuais aditamentos e modifica\u00e7\u00f5es.<\/p>\n<ol start=\"2\">\n<li><strong> Condi\u00e7\u00f5es de Participa\u00e7\u00e3o<\/strong><\/li>\n<\/ol>\n<p>2.1. Qualquer pessoa singular, maior de 18 anos, poder\u00e1 participar no concurso. Para efeitos de transporte do material, os participantes ter\u00e3o de morar na regi\u00e3o da grande Lisboa.<\/p>\n<p>2.3. A Porta da Frente Christie\u2019s reserva-se o direito de analisar os elementos de identifica\u00e7\u00e3o de todos os participantes do concurso atrav\u00e9s do registo destes.<\/p>\n<p>2.4. Sempre que solicitado pela Porta da Frente Christie\u2019s, os participantes dever\u00e3o provar que re\u00fanem as condi\u00e7\u00f5es necess\u00e1rias de participa\u00e7\u00e3o no concurso, sob pena de desclassifica\u00e7\u00e3o e anula\u00e7\u00e3o de quaisquer pr\u00e9mios que lhe tenham sido atribu\u00eddos.<\/p>\n<p>2.5. O tema do concurso \u00e9 \u201c25 Portas para Sonhar\u201d, dando liberdade criativa aos seus participantes para criarem um desenho \/ ilustra\u00e7\u00e3o \/ pintura de uma porta com tamanho 80x40cm e de material madeira. O tema pretende fazer alus\u00e3o a um conceito abstrato de abrir a porta para um sonho, com a casa como um lugar especial e feliz, \u00fanico e repleto de emo\u00e7\u00f5es e sentimentos aos seus residentes.<\/p>\n<p>2.6. A fase inicial do concurso passa pela submiss\u00e3o do esbo\u00e7o em formato A4, dentro dos limites da porta. Apenas ser\u00e3o aceites as candidaturas enviadas atrav\u00e9s do preenchimento do formul\u00e1rio em <em>portadafrente.pt\/procura-se-pintor-de-portas<\/em> e envio do esbo\u00e7o por e-mail para <em>concurso@portadafrente.pt<\/em><\/p>\n<p>2.8. O material para a pintura das portas \u00e9 \u00e0 escolha do pintor, e o custo desse material ser\u00e1 suportado pelo participante.<\/p>\n<p>2.7. A porta ser\u00e1 enviada pela Porta da Frente Christie\u2019s para cada um dos 25 artistas. Ser\u00e1 igualmente recolhida em data assinalada.<\/p>\n<ol start=\"3\">\n<li><strong> Datas de participa\u00e7\u00e3o<\/strong><\/li>\n<\/ol>\n<p><strong>12 de Novembro 2021 \u2013 17 de Dezembro 2021<\/strong><br \/>Inscri\u00e7\u00e3o atrav\u00e9s da p\u00e1gina <em>portadafrente.pt\/procura-se-pintor-de-portas<\/em>, atrav\u00e9s de preenchimento do formul\u00e1rio e download do template. O envio dever\u00e1 ser feito para <em>concurso@portadafrente.pt.<\/em><\/p>\n<p><strong>18 de Dezembro \u2013 31 de Dezembro<\/strong><br \/>Avalia\u00e7\u00e3o das candidaturas e escolha dos vencedores.<\/p>\n<p><strong>01 de Janeiro \u2013 15 de Janeiro<br \/><\/strong>Entrega das portas a cada um dos 25 vencedores.<\/p>\n<p><strong>01 de Fevereiro \u2013 15 de Fevereiro<\/strong><br \/>Recolha das portas.<\/p>\n<p><strong>Meses de Fevereiro e Mar\u00e7o<br \/><\/strong>Evento presencial com exposi\u00e7\u00e3o das portas.<\/p>\n<ol start=\"4\">\n<li><strong> Atribui\u00e7\u00e3o de pr\u00e9mios<\/strong><\/li>\n<\/ol>\n<p>4.1. Ser\u00e3o escolhidos 25 esbo\u00e7os pertencentes a 25 artistas e os pr\u00e9mios ser\u00e3o os seguintes:<\/p>\n<p>&#8211; Destaque na rede internacional da Christie\u2019s International Real Estate com partilha das pinturas e da informa\u00e7\u00e3o de cada artista<br \/>&#8211; Comunica\u00e7\u00f5es de imprensa a n\u00edvel nacional, destacando cada um dos 25 artistas.<br \/>&#8211; Publica\u00e7\u00e3o na revista anual interna da Porta da Frente Christie\u2019s, oferecida a todos os clientes.<br \/>&#8211; Promo\u00e7\u00e3o em todas as plataformas digitais da Porta da Frente Christie\u2019s.<br \/>&#8211; Exposi\u00e7\u00e3o das portas dos 25 artistas em evento presencial, com imprensa, convidados e clientes.<br \/>&#8211; Oferta de voucher para estadia em hotel, para 1 noite e 2 pessoas, com validade de um ano.<br \/>&#8211; Possibilidade de venda das portas atrav\u00e9s de leil\u00e3o de caridade, com o valor a ser doado para uma institui\u00e7\u00e3o de solidariedade social \u00e0 escolha do artista.<\/p>\n<ol start=\"5\">\n<li><strong> Pr\u00e9mios<\/strong><\/li>\n<\/ol>\n<p>5.1. O direito ao pr\u00e9mio deste concurso \u00e9 pessoal e intransmiss\u00edvel, n\u00e3o sendo rem\u00edvel em dinheiro.<\/p>\n<p>5.2. O vencedor do concurso n\u00e3o ser\u00e1 ressarcido se, por motivos alheios \u00e0 Porta da Frente Christie\u2019s, n\u00e3o puder usufruir do pr\u00e9mio que eventualmente lhe assista.<\/p>\n<p>5.3. O n\u00e3o levantamento e\/ou impossibilidade de entrega do pr\u00e9mio n\u00e3o imput\u00e1veis \u00e0 Porta da Frente Christie\u2019s, no prazo que a mesma definir para o efeito no regulamento, determinam para o vencedor, a perda de qualquer direito sobre o mesmo.<\/p>\n<p>5.6. Os participantes autorizam a Porta da Frente Christie\u2019s a divulgar os seus nomes e o resultado dos passatempos na p\u00e1gina oficial onde decorre o passatempo.<\/p>\n<p>5.7. A sele\u00e7\u00e3o dos vencedores \u00e9 feita por uma equipa de jurados nacional e internacional, integrantes da Christie\u2019s International Real Estate.<\/p>\n<ol start=\"6\">\n<li><strong> Responsabilidade<\/strong><\/li>\n<\/ol>\n<p>6.1. At\u00e9 \u00e0 extens\u00e3o m\u00e1xima permitida pela legisla\u00e7\u00e3o aplic\u00e1vel e, em caso de motivo atend\u00edvel, a Porta da Frente Christie\u2019s poder\u00e1 livremente e a todo o tempo, cancelar ou anular qualquer concurso em curso, sem que desse facto resulte qualquer obriga\u00e7\u00e3o de indemnizar ou de compensar, por qualquer forma que seja, qualquer participante.<\/p>\n<p>6.2. Todos os conte\u00fados disponibilizados pelos participantes no \u00e2mbito do concurso ser\u00e3o da exclusiva responsabilidade destes, pelo que em nenhuma circunst\u00e2ncia poder\u00e1 a Porta da Frente Christie\u2019s ser responsabilizada por aqueles conte\u00fados, bem como por quaisquer danos que os mesmos causem, designadamente, \u00e0 imagem, reputa\u00e7\u00e3o e\/ou ao bom nome de terceiros.<\/p>\n<p>6.3. A Porta da Frente Christie\u2019s n\u00e3o se responsabiliza, ainda, pela utiliza\u00e7\u00e3o, no \u00e2mbito do concurso, de qualquer conte\u00fado eventualmente protegido, designadamente, por direitos de autor, sendo a utiliza\u00e7\u00e3o destes conte\u00fados da responsabilidade exclusiva dos participantes.<\/p>\n<ol start=\"7\">\n<li><strong> Dados pessoais<\/strong><\/li>\n<\/ol>\n<p>7.1. Ao participar no passatempo e em cumprimento da Lei n\u00ba 67\/98, de 26 de Outubro, os participantes consentem no tratamento e processamento inform\u00e1tico dos seus dados pessoais pela Porta da Frente Christie\u2019s. A omiss\u00e3o ou inexatid\u00e3o dos dados fornecidos pelo seu titular s\u00e3o da sua \u00fanica e inteira responsabilidade, tornando-se automaticamente inv\u00e1lida a sua participa\u00e7\u00e3o no concurso e consequente possibilidade de atribui\u00e7\u00e3o de pr\u00e9mio, sem que lhe seja devida qualquer indemniza\u00e7\u00e3o.<\/p>\n<p>7.2. Os participantes autorizam tamb\u00e9m, a transmiss\u00e3o dos seus dados pessoais a outras empresas do grupo Christie\u2019s International Real Estate.<\/p>\n<p>7.3. O tratamento de dados efetuado no \u00e2mbito do concurso destina-se exclusivamente \u00e0 gest\u00e3o de participa\u00e7\u00f5es, designadamente, para efeitos de registo dos vencedores de cada passatempo e respetivas classifica\u00e7\u00f5es bem como, para efeitos de atribui\u00e7\u00e3o e entrega de pr\u00e9mios e de marketing.<\/p>\n<p>7.4. Os participantes podem exercer os seus direitos de acesso, retifica\u00e7\u00e3o, oposi\u00e7\u00e3o e cancelamento, assim como revogar o consentimento dado para a comunica\u00e7\u00e3o dos seus dados e\/ou o consentimento dado para a rece\u00e7\u00e3o de comunica\u00e7\u00f5es comerciais atrav\u00e9s de carta registada com aviso de rece\u00e7\u00e3o dirigida \u00e0 Porta da Frente Christie\u2019s.<\/p>\n<ol start=\"8\">\n<li><strong> Propriedade Intelectual<\/strong><\/li>\n<\/ol>\n<p>8.1. O participante garante que \u00e9 o \u00fanico titular dos direitos de autor de todos os conte\u00fados que venha a disponibilizar no \u00e2mbito da sua participa\u00e7\u00e3o e responsabiliza-se perante a Porta da Frente Christie\u2019s por este facto, podendo ser exclu\u00eddo se a Porta da Frente Christie\u2019s suspeitar que os referidos conte\u00fados n\u00e3o s\u00e3o da autoria do participante.<\/p>\n<p>8.2. Os participantes autorizam expressamente a Porta da Frente Christie\u2019s a utilizar livremente todos os conte\u00fados que venham a disponibilizar no \u00e2mbito da sua participa\u00e7\u00e3o designadamente, autorizam a Porta da Frente Christie\u2019s a reproduzir e\/ou exibir quaisquer v\u00eddeos, imagens e\/ou frases da autoria dos participantes em quaisquer comunica\u00e7\u00f5es, atividades publicit\u00e1rias e\/ou promocionais, destinadas a divulgar iniciativas organizadas pela Porta da Frente Christie\u2019s ou por quaisquer das sociedades suas associadas, sem que a esse t\u00edtulo possa ser exigido \u00e0 Porta da Frente Christie\u2019s qualquer remunera\u00e7\u00e3o, contrapartida ou qualquer compensa\u00e7\u00e3o.<\/p>\n<p>8.3. O participante reconhece e aceita que a sua participa\u00e7\u00e3o \u00e9 volunt\u00e1ria, cedendo expressa e irrevogavelmente \u00e0 Porta da Frente Christie\u2019s &#8211; que os poder\u00e1 ceder gratuitamente a outras empresas \u2013 todos os direitos sobre os conte\u00fados enviados no \u00e2mbito do concurso, tendo tal licen\u00e7a car\u00e1cter perp\u00e9tuo e gratuito.<\/p>\n<p>8.4. A Porta da Frente Christie\u2019s n\u00e3o se responsabiliza por quaisquer viola\u00e7\u00f5es de direitos de autor e\/outros atos il\u00edcitos praticados pelos participantes no \u00e2mbito do concurso.<\/p>\n<ol start=\"9\">\n<li><strong> Altera\u00e7\u00f5es ao Regulamento<\/strong><\/li>\n<\/ol>\n<p>9.1. A Porta da Frente Christie\u2019s reserva-se o direito de alterar, a qualquer momento e sem necessidade de pr\u00e9-aviso, os termos constantes do presente Regulamento bem como, os termos de quaisquer regulamentos espec\u00edficos dos concursos por si organizados.<\/p>\n<p>9.2. Quaisquer altera\u00e7\u00f5es efetuadas pela Porta da Frente Christie\u2019s aos regulamentos, entrar\u00e3o em vigor, imediatamente ap\u00f3s a sua publica\u00e7\u00e3o na sua p\u00e1gina oficial e\/ou na p\u00e1gina do(s) respetivo(s) concurso(s).<\/p>\n<ol start=\"10\">\n<li><strong> Outras disposi\u00e7\u00f5es<\/strong><\/li>\n<\/ol>\n<p>10.1. A Porta da Frente Christie\u2019s n\u00e3o ser\u00e1 respons\u00e1vel por quaisquer danos ou preju\u00edzos que possam resultar da falha temporal de disponibilidade ou de continuidade do funcionamento do concurso, o defraudamento da utilidade que os utilizadores possam atribuir ao mesmo e, em particular, ainda que n\u00e3o de modo exclusivo, da falha de acesso ao endere\u00e7o eletr\u00f3nico indicado.<\/p>\n<p><span>\u00a0<\/span><\/p>\n<p>[\/et_pb_text][\/et_pb_column][\/et_pb_row][\/et_pb_section][et_pb_section fb_built=&#8221;1&#8243; _builder_version=&#8221;4.4.6&#8243; background_color=&#8221;#660724&#8243; custom_padding=&#8221;0px||0px|||&#8221; global_colors_info=&#8221;{}&#8221;][et_pb_row column_structure=&#8221;1_4,3_4&#8243; make_equal=&#8221;on&#8221; _builder_version=&#8221;4.4.6&#8243; global_colors_info=&#8221;{}&#8221;][et_pb_column type=&#8221;1_4&#8243; _builder_version=&#8221;4.4.6&#8243; global_colors_info=&#8221;{}&#8221;][et_pb_image src=&#8221;https:\/\/portadafrente.pt\/procura-se-pintor-de-portas\/wp-content\/uploads\/2021\/11\/Ativo-2.png&#8221; title_text=&#8221;Ativo 2&#8243; align=&#8221;center&#8221; _builder_version=&#8221;4.4.6&#8243; max_width=&#8221;80%&#8221; max_width_tablet=&#8221;200px&#8221; max_width_phone=&#8221;&#8221; max_width_last_edited=&#8221;on|desktop&#8221; custom_margin=&#8221;||22px|||&#8221; global_colors_info=&#8221;{}&#8221;][\/et_pb_image][et_pb_code _builder_version=&#8221;4.4.6&#8243; global_colors_info=&#8221;{}&#8221;]<\/p>\n<ul class=\"list-inline\"><!-- [et_pb_line_break_holder] -->                  <\/p>\n<li class=\"list-inline-item\"><a href=\"http:\/\/www.facebook.com\/portadafrente\" target=\"_blank\" class=\"text-white\" rel=\"noopener noreferrer\"><i class=\"fab fa-2x fa-facebook\"><\/i><\/a><\/li>\n<p><!-- [et_pb_line_break_holder] -->                  <\/p>\n<li class=\"list-inline-item\"><a href=\"https:\/\/www.instagram.com\/portadafrentechristies\/\" target=\"_blank\" class=\"text-white\" rel=\"noopener noreferrer\"><i class=\"fab fa-2x fa-instagram\"><\/i><\/a><\/li>\n<p><!-- [et_pb_line_break_holder] -->                  <\/p>\n<li class=\"list-inline-item\"><a href=\"https:\/\/www.linkedin.com\/company\/porta-da-frente-christie%27s\/\" target=\"_blank\" class=\"text-white\" rel=\"noopener noreferrer\"><i class=\"fab fa-2x fa-linkedin\"><\/i><\/a><\/li>\n<p><!-- [et_pb_line_break_holder] -->                  <\/p>\n<li class=\"list-inline-item\"><a href=\"https:\/\/www.youtube.com\/channel\/UCyxni2x557JaDk-b8XXpctA\/\" target=\"_blank\" class=\"text-white\" rel=\"noopener noreferrer\"><i class=\"fab fa-2x fa-youtube\"><\/i><\/a><\/li>\n<p><!-- [et_pb_line_break_holder] -->                <\/ul>\n<p>[\/et_pb_code][\/et_pb_column][et_pb_column type=&#8221;3_4&#8243; _builder_version=&#8221;4.4.6&#8243; global_colors_info=&#8221;{}&#8221;][et_pb_text module_class=&#8221;text-footer&#8221; _builder_version=&#8221;4.13.0&#8243; text_text_color=&#8221;#ffffff&#8221; text_font_size=&#8221;16px&#8221; text_font_size_tablet=&#8221;13px&#8221; text_font_size_phone=&#8221;&#8221; text_font_size_last_edited=&#8221;on|tablet&#8221; text_orientation_tablet=&#8221;center&#8221; text_orientation_phone=&#8221;&#8221; text_orientation_last_edited=&#8221;on|phone&#8221; global_colors_info=&#8221;{}&#8221;]<\/p>\n<p><span>A\u00a0<\/span><strong>Porta da Frente Christie\u2019s<\/strong><span>\u00a0\u00e9 uma empresa de media\u00e7\u00e3o imobili\u00e1ria que trabalha no mercado h\u00e1 mais de duas d\u00e9cadas, focando-se nos melhores im\u00f3veis e empreendimentos, quer para venda quer para arrendamento. A empresa foi selecionada pela prestigiada marca Christie\u2019s International Real Estate para representar Portugal, nas zonas de Lisboa, Cascais, Oeiras e Alentejo. A principal miss\u00e3o da\u00a0<\/span><strong>Porta da Frente Christie\u2019s<\/strong><span>\u00a0\u00e9 privilegiar um servi\u00e7o de excel\u00eancia a todos os nossos clientes.<\/span><\/p>\n<p>[\/et_pb_text][\/et_pb_column][\/et_pb_row][\/et_pb_section]<\/p>\n","protected":false},"excerpt":{"rendered":"<p>REGULAMENTO DO CONCURSO &nbsp; O presente Regulamento estabelece as regras gerais de participa\u00e7\u00e3o no concurso organizado pela Porta da Frente Christe\u2019s, com sede em Av. Marginal 8648, 2750-642 Cascais. Concurso 1.1. A participa\u00e7\u00e3o neste concurso pressup\u00f5e o conhecimento e a aceita\u00e7\u00e3o integral e sem reservas das condi\u00e7\u00f5es deste Regulamento e seus eventuais aditamentos e modifica\u00e7\u00f5es. [&hellip;]<\/p>\n","protected":false},"author":1,"featured_media":0,"parent":0,"menu_order":0,"comment_status":"closed","ping_status":"closed","template":"","meta":{"_et_pb_use_builder":"on","_et_pb_old_content":"","_et_gb_content_width":""},"_links":{"self":[{"href":"https:\/\/portadafrente.pt\/procura-se-pintor-de-portas\/wp-json\/wp\/v2\/pages\/723"}],"collection":[{"href":"https:\/\/portadafrente.pt\/procura-se-pintor-de-portas\/wp-json\/wp\/v2\/pages"}],"about":[{"href":"https:\/\/portadafrente.pt\/procura-se-pintor-de-portas\/wp-json\/wp\/v2\/types\/page"}],"author":[{"embeddable":true,"href":"https:\/\/portadafrente.pt\/procura-se-pintor-de-portas\/wp-json\/wp\/v2\/users\/1"}],"replies":[{"embeddable":true,"href":"https:\/\/portadafrente.pt\/procura-se-pintor-de-portas\/wp-json\/wp\/v2\/comments?post=723"}],"version-history":[{"count":5,"href":"https:\/\/portadafrente.pt\/procura-se-pintor-de-portas\/wp-json\/wp\/v2\/pages\/723\/revisions"}],"predecessor-version":[{"id":729,"href":"https:\/\/portadafrente.pt\/procura-se-pintor-de-portas\/wp-json\/wp\/v2\/pages\/723\/revisions\/729"}],"wp:attachment":[{"href":"https:\/\/portadafrente.pt\/procura-se-pintor-de-portas\/wp-json\/wp\/v2\/media?parent=723"}],"curies":[{"name":"wp","href":"https:\/\/api.w.org\/{rel}","templated":true}]}}